{"id":1582,"date":"2021-11-08T18:51:24","date_gmt":"2021-11-08T18:51:24","guid":{"rendered":"https:\/\/amobiliar.com\/?page_id=1582"},"modified":"2021-11-08T18:52:58","modified_gmt":"2021-11-08T18:52:58","slug":"casa-acogedora-ceibos-norte-download","status":"publish","type":"page","link":"https:\/\/amobiliar.com\/en\/casa-acogedora-ceibos-norte-download\/","title":{"rendered":"casa acogedora ceibos norte download"},"content":{"rendered":"<div data-elementor-type=\"wp-page\" data-elementor-id=\"1582\" class=\"elementor elementor-1582\">\n\t\t\t\t\t\t<section class=\"elementor-section elementor-top-section elementor-element elementor-element-5785ed7b elementor-section-content-middle elementor-section-height-min-height elementor-section-boxed elementor-section-height-default elementor-section-items-middle\" data-id=\"5785ed7b\" data-element_type=\"section\" data-e-type=\"section\" data-settings=\"{&quot;background_background&quot;:&quot;classic&quot;}\">\n\t\t\t\t\t\t\t<div class=\"elementor-background-overlay\"><\/div>\n\t\t\t\t\t\t\t<div class=\"elementor-container elementor-column-gap-no\">\n\t\t\t\t\t<div class=\"elementor-column elementor-col-100 elementor-top-column elementor-element elementor-element-645df268\" data-id=\"645df268\" data-element_type=\"column\" data-e-type=\"column\">\n\t\t\t<div class=\"elementor-widget-wrap elementor-element-populated\">\n\t\t\t\t\t\t<section class=\"elementor-section elementor-inner-section elementor-element elementor-element-1bc9d5a8 elementor-section-boxed elementor-section-height-default elementor-section-height-default\" data-id=\"1bc9d5a8\" data-element_type=\"section\" data-e-type=\"section\">\n\t\t\t\t\t\t<div class=\"elementor-container elementor-column-gap-default\">\n\t\t\t\t\t<div class=\"elementor-column elementor-col-33 elementor-inner-column elementor-element elementor-element-5ebe1eb5\" data-id=\"5ebe1eb5\" data-element_type=\"column\" data-e-type=\"column\">\n\t\t\t<div class=\"elementor-widget-wrap\">\n\t\t\t\t\t\t\t<\/div>\n\t\t<\/div>\n\t\t\t\t<div class=\"elementor-column elementor-col-33 elementor-inner-column elementor-element elementor-element-60b7cf5c\" data-id=\"60b7cf5c\" data-element_type=\"column\" data-e-type=\"column\" data-settings=\"{&quot;background_background&quot;:&quot;classic&quot;}\">\n\t\t\t<div class=\"elementor-widget-wrap elementor-element-populated\">\n\t\t\t\t\t\t<div class=\"elementor-element elementor-element-1ed14006 elementor-align-center elementor-icon-list--layout-traditional elementor-list-item-link-full_width elementor-widget elementor-widget-icon-list\" data-id=\"1ed14006\" data-element_type=\"widget\" data-e-type=\"widget\" data-widget_type=\"icon-list.default\">\n\t\t\t\t<div class=\"elementor-widget-container\">\n\t\t\t\t\t\t\t<ul class=\"elementor-icon-list-items\">\n\t\t\t\t\t\t\t<li class=\"elementor-icon-list-item\">\n\t\t\t\t\t\t\t\t\t\t\t<span class=\"elementor-icon-list-icon\">\n\t\t\t\t\t\t\t<i aria-hidden=\"true\" class=\"fas fa-mobile-alt\"><\/i>\t\t\t\t\t\t<\/span>\n\t\t\t\t\t\t\t\t\t\t<span class=\"elementor-icon-list-text\">+593 99-705-7028<\/span>\n\t\t\t\t\t\t\t\t\t<\/li>\n\t\t\t\t\t\t<\/ul>\n\t\t\t\t\t\t<\/div>\n\t\t\t\t<\/div>\n\t\t\t\t\t<\/div>\n\t\t<\/div>\n\t\t\t\t<div class=\"elementor-column elementor-col-33 elementor-inner-column elementor-element elementor-element-6b520f7a\" data-id=\"6b520f7a\" data-element_type=\"column\" data-e-type=\"column\">\n\t\t\t<div class=\"elementor-widget-wrap\">\n\t\t\t\t\t\t\t<\/div>\n\t\t<\/div>\n\t\t\t\t\t<\/div>\n\t\t<\/section>\n\t\t\t\t<div class=\"elementor-element elementor-element-527cbc11 elementor-widget elementor-widget-heading\" data-id=\"527cbc11\" data-element_type=\"widget\" data-e-type=\"widget\" data-widget_type=\"heading.default\">\n\t\t\t\t<div class=\"elementor-widget-container\">\n\t\t\t\t\t<h2 class=\"elementor-heading-title elementor-size-default\">Thank you for your interest on this property<\/h2>\t\t\t\t<\/div>\n\t\t\t\t<\/div>\n\t\t\t\t<div class=\"elementor-element elementor-element-5aab6768 elementor-widget elementor-widget-text-editor\" data-id=\"5aab6768\" data-element_type=\"widget\" data-e-type=\"widget\" data-widget_type=\"text-editor.default\">\n\t\t\t\t<div class=\"elementor-widget-container\">\n\t\t\t\t\t\t\t\t\t<p>Now just click on the button below to obtain the photos that you were looking after.<\/p>\t\t\t\t\t\t\t\t<\/div>\n\t\t\t\t<\/div>\n\t\t\t\t<section class=\"elementor-section elementor-inner-section elementor-element elementor-element-58b8e0d9 elementor-section-boxed elementor-section-height-default elementor-section-height-default\" data-id=\"58b8e0d9\" data-element_type=\"section\" data-e-type=\"section\">\n\t\t\t\t\t\t<div class=\"elementor-container elementor-column-gap-default\">\n\t\t\t\t\t<div class=\"elementor-column elementor-col-25 elementor-inner-column elementor-element elementor-element-27a1530d\" data-id=\"27a1530d\" data-element_type=\"column\" data-e-type=\"column\">\n\t\t\t<div class=\"elementor-widget-wrap\">\n\t\t\t\t\t\t\t<\/div>\n\t\t<\/div>\n\t\t\t\t<div class=\"elementor-column elementor-col-25 elementor-inner-column elementor-element elementor-element-321165b6\" data-id=\"321165b6\" data-element_type=\"column\" data-e-type=\"column\">\n\t\t\t<div class=\"elementor-widget-wrap elementor-element-populated\">\n\t\t\t\t\t\t<div class=\"elementor-element elementor-element-5f4d9e06 elementor-align-center elementor-widget elementor-widget-button\" data-id=\"5f4d9e06\" data-element_type=\"widget\" data-e-type=\"widget\" data-widget_type=\"button.default\">\n\t\t\t\t<div class=\"elementor-widget-container\">\n\t\t\t\t\t\t\t\t\t<div class=\"elementor-button-wrapper\">\n\t\t\t\t\t<a class=\"elementor-button elementor-size-lg elementor-animation-buzz-out\" role=\"button\">\n\t\t\t\t\t\t<span class=\"elementor-button-content-wrapper\">\n\t\t\t\t\t\t<span class=\"elementor-button-icon\">\n\t\t\t\t<i aria-hidden=\"true\" class=\"fas fa-file-download\"><\/i>\t\t\t<\/span>\n\t\t\t\t\t\t\t\t\t<span class=\"elementor-button-text\">Download PDF<\/span>\n\t\t\t\t\t<\/span>\n\t\t\t\t\t<\/a>\n\t\t\t\t<\/div>\n\t\t\t\t\t\t\t\t<\/div>\n\t\t\t\t<\/div>\n\t\t\t\t\t<\/div>\n\t\t<\/div>\n\t\t\t\t<div class=\"elementor-column elementor-col-25 elementor-inner-column elementor-element elementor-element-51eb120f\" data-id=\"51eb120f\" data-element_type=\"column\" data-e-type=\"column\">\n\t\t\t<div class=\"elementor-widget-wrap elementor-element-populated\">\n\t\t\t\t\t\t<div class=\"elementor-element elementor-element-5983928 elementor-align-center elementor-widget elementor-widget-button\" data-id=\"5983928\" data-element_type=\"widget\" data-e-type=\"widget\" data-widget_type=\"button.default\">\n\t\t\t\t<div class=\"elementor-widget-container\">\n\t\t\t\t\t\t\t\t\t<div class=\"elementor-button-wrapper\">\n\t\t\t\t\t<a class=\"elementor-button elementor-button-link elementor-size-lg elementor-animation-wobble-horizontal\" href=\"https:\/\/amobiliar.com\/en\/casa-acogedora-ceibos-norte\/\">\n\t\t\t\t\t\t<span class=\"elementor-button-content-wrapper\">\n\t\t\t\t\t\t<span class=\"elementor-button-icon\">\n\t\t\t\t<i aria-hidden=\"true\" class=\"fas fa-arrow-alt-circle-left\"><\/i>\t\t\t<\/span>\n\t\t\t\t\t\t\t\t\t<span class=\"elementor-button-text\">Previous page<\/span>\n\t\t\t\t\t<\/span>\n\t\t\t\t\t<\/a>\n\t\t\t\t<\/div>\n\t\t\t\t\t\t\t\t<\/div>\n\t\t\t\t<\/div>\n\t\t\t\t\t<\/div>\n\t\t<\/div>\n\t\t\t\t<div class=\"elementor-column elementor-col-25 elementor-inner-column elementor-element elementor-element-7dc11944\" data-id=\"7dc11944\" data-element_type=\"column\" data-e-type=\"column\">\n\t\t\t<div class=\"elementor-widget-wrap\">\n\t\t\t\t\t\t\t<\/div>\n\t\t<\/div>\n\t\t\t\t\t<\/div>\n\t\t<\/section>\n\t\t\t\t\t<\/div>\n\t\t<\/div>\n\t\t\t\t\t<\/div>\n\t\t<\/section>\n\t\t\t\t<\/div>","protected":false},"excerpt":{"rendered":"<p>+593 99-705-7028 Gracias por interesarte en esta excelente propiedad Ah\u00f3ra solo haz click en el bot\u00f3n de abajo para obtener las im\u00e1genes que buscabas. Descargar PDF P\u00e1gina anterior<\/p>","protected":false},"author":1,"featured_media":0,"parent":0,"menu_order":0,"comment_status":"closed","ping_status":"closed","template":"","meta":{"site-sidebar-layout":"no-sidebar","site-content-layout":"page-builder","ast-site-content-layout":"","site-content-style":"default","site-sidebar-style":"default","ast-global-header-display":"","ast-banner-title-visibility":"","ast-main-header-display":"","ast-hfb-above-header-display":"","ast-hfb-below-header-display":"","ast-hfb-mobile-header-display":"","site-post-title":"disabled","ast-breadcrumbs-content":"","ast-featured-img":"disabled","footer-sml-layout":"","theme-transparent-header-meta":"","adv-header-id-meta":"","stick-header-meta":"","header-above-stick-meta":"","header-main-stick-meta":"","header-below-stick-meta":"","astra-migrate-meta-layouts":"default","ast-page-background-enabled":"default","ast-page-background-meta":{"desktop":{"background-color":"","background-image":"","background-repeat":"repeat","background-position":"center center","background-size":"auto","background-attachment":"scroll","background-type":"","background-media":"","overlay-type":"","overlay-color":"","overlay-opacity":"","overlay-gradient":""},"tablet":{"background-color":"","background-image":"","background-repeat":"repeat","background-position":"center center","background-size":"auto","background-attachment":"scroll","background-type":"","background-media":"","overlay-type":"","overlay-color":"","overlay-opacity":"","overlay-gradient":""},"mobile":{"background-color":"","background-image":"","background-repeat":"repeat","background-position":"center center","background-size":"auto","background-attachment":"scroll","background-type":"","background-media":"","overlay-type":"","overlay-color":"","overlay-opacity":"","overlay-gradient":""}},"ast-content-background-meta":{"desktop":{"background-color":"var(--ast-global-color-5)","background-image":"","background-repeat":"repeat","background-position":"center center","background-size":"auto","background-attachment":"scroll","background-type":"","background-media":"","overlay-type":"","overlay-color":"","overlay-opacity":"","overlay-gradient":""},"tablet":{"background-color":"var(--ast-global-color-5)","background-image":"","background-repeat":"repeat","background-position":"center center","background-size":"auto","background-attachment":"scroll","background-type":"","background-media":"","overlay-type":"","overlay-color":"","overlay-opacity":"","overlay-gradient":""},"mobile":{"background-color":"var(--ast-global-color-5)","background-image":"","background-repeat":"repeat","background-position":"center center","background-size":"auto","background-attachment":"scroll","background-type":"","background-media":"","overlay-type":"","overlay-color":"","overlay-opacity":"","overlay-gradient":""}},"_joinchat":[],"footnotes":""},"class_list":["post-1582","page","type-page","status-publish","hentry"],"yoast_head":"<!-- This site is optimized with the Yoast SEO plugin v24.3 - https:\/\/yoast.com\/wordpress\/plugins\/seo\/ -->\n<title>casa acogedora ceibos norte download - Amobiliar<\/title>\n<meta name=\"robots\" content=\"index, follow, max-snippet:-1, max-image-preview:large, max-video-preview:-1\" \/>\n<link rel=\"canonical\" href=\"https:\/\/amobiliar.com\/en\/casa-acogedora-ceibos-norte-download\/\" \/>\n<meta property=\"og:locale\" content=\"en_GB\" \/>\n<meta property=\"og:type\" content=\"article\" \/>\n<meta property=\"og:title\" content=\"casa acogedora ceibos norte download - Amobiliar\" \/>\n<meta property=\"og:description\" content=\"+593 99-705-7028 Gracias por interesarte en esta excelente propiedad Ah\u00f3ra solo haz click en el bot\u00f3n de abajo para obtener las im\u00e1genes que buscabas. Descargar PDF P\u00e1gina anterior\" \/>\n<meta property=\"og:url\" content=\"https:\/\/amobiliar.com\/en\/casa-acogedora-ceibos-norte-download\/\" \/>\n<meta property=\"og:site_name\" content=\"Amobiliar\" \/>\n<meta property=\"article:modified_time\" content=\"2021-11-08T18:52:58+00:00\" \/>\n<meta name=\"twitter:card\" content=\"summary_large_image\" \/>\n<script type=\"application\/ld+json\" class=\"yoast-schema-graph\">{\"@context\":\"https:\/\/schema.org\",\"@graph\":[{\"@type\":\"WebPage\",\"@id\":\"https:\/\/amobiliar.com\/en\/casa-acogedora-ceibos-norte-download\/\",\"url\":\"https:\/\/amobiliar.com\/en\/casa-acogedora-ceibos-norte-download\/\",\"name\":\"casa acogedora ceibos norte download - Amobiliar\",\"isPartOf\":{\"@id\":\"https:\/\/amobiliar.com\/#website\"},\"datePublished\":\"2021-11-08T18:51:24+00:00\",\"dateModified\":\"2021-11-08T18:52:58+00:00\",\"breadcrumb\":{\"@id\":\"https:\/\/amobiliar.com\/en\/casa-acogedora-ceibos-norte-download\/#breadcrumb\"},\"inLanguage\":\"en-GB\",\"potentialAction\":[{\"@type\":\"ReadAction\",\"target\":[\"https:\/\/amobiliar.com\/en\/casa-acogedora-ceibos-norte-download\/\"]}]},{\"@type\":\"BreadcrumbList\",\"@id\":\"https:\/\/amobiliar.com\/en\/casa-acogedora-ceibos-norte-download\/#breadcrumb\",\"itemListElement\":[{\"@type\":\"ListItem\",\"position\":1,\"name\":\"Portada\",\"item\":\"https:\/\/amobiliar.com\/\"},{\"@type\":\"ListItem\",\"position\":2,\"name\":\"casa acogedora ceibos norte download\"}]},{\"@type\":\"WebSite\",\"@id\":\"https:\/\/amobiliar.com\/#website\",\"url\":\"https:\/\/amobiliar.com\/\",\"name\":\"Amobiliar\",\"description\":\"Bienes y Ra\u00edces\",\"publisher\":{\"@id\":\"https:\/\/amobiliar.com\/#organization\"},\"potentialAction\":[{\"@type\":\"SearchAction\",\"target\":{\"@type\":\"EntryPoint\",\"urlTemplate\":\"https:\/\/amobiliar.com\/?s={search_term_string}\"},\"query-input\":{\"@type\":\"PropertyValueSpecification\",\"valueRequired\":true,\"valueName\":\"search_term_string\"}}],\"inLanguage\":\"en-GB\"},{\"@type\":\"Organization\",\"@id\":\"https:\/\/amobiliar.com\/#organization\",\"name\":\"Amobiliar\",\"url\":\"https:\/\/amobiliar.com\/\",\"logo\":{\"@type\":\"ImageObject\",\"inLanguage\":\"en-GB\",\"@id\":\"https:\/\/amobiliar.com\/#\/schema\/logo\/image\/\",\"url\":\"https:\/\/amobiliar.com\/wp-content\/uploads\/2022\/11\/cropped-LOGO-AMOBILIAR-2-Horizontal-blanco.png\",\"contentUrl\":\"https:\/\/amobiliar.com\/wp-content\/uploads\/2022\/11\/cropped-LOGO-AMOBILIAR-2-Horizontal-blanco.png\",\"width\":1636,\"height\":545,\"caption\":\"Amobiliar\"},\"image\":{\"@id\":\"https:\/\/amobiliar.com\/#\/schema\/logo\/image\/\"}}]}<\/script>\n<!-- \/ Yoast SEO plugin. -->","yoast_head_json":{"title":"casa acogedora ceibos norte download - Amobiliar","robots":{"index":"index","follow":"follow","max-snippet":"max-snippet:-1","max-image-preview":"max-image-preview:large","max-video-preview":"max-video-preview:-1"},"canonical":"https:\/\/amobiliar.com\/en\/casa-acogedora-ceibos-norte-download\/","og_locale":"en_GB","og_type":"article","og_title":"casa acogedora ceibos norte download - Amobiliar","og_description":"+593 99-705-7028 Gracias por interesarte en esta excelente propiedad Ah\u00f3ra solo haz click en el bot\u00f3n de abajo para obtener las im\u00e1genes que buscabas. Descargar PDF P\u00e1gina anterior","og_url":"https:\/\/amobiliar.com\/en\/casa-acogedora-ceibos-norte-download\/","og_site_name":"Amobiliar","article_modified_time":"2021-11-08T18:52:58+00:00","twitter_card":"summary_large_image","schema":{"@context":"https:\/\/schema.org","@graph":[{"@type":"WebPage","@id":"https:\/\/amobiliar.com\/en\/casa-acogedora-ceibos-norte-download\/","url":"https:\/\/amobiliar.com\/en\/casa-acogedora-ceibos-norte-download\/","name":"casa acogedora ceibos norte download - Amobiliar","isPartOf":{"@id":"https:\/\/amobiliar.com\/#website"},"datePublished":"2021-11-08T18:51:24+00:00","dateModified":"2021-11-08T18:52:58+00:00","breadcrumb":{"@id":"https:\/\/amobiliar.com\/en\/casa-acogedora-ceibos-norte-download\/#breadcrumb"},"inLanguage":"en-GB","potentialAction":[{"@type":"ReadAction","target":["https:\/\/amobiliar.com\/en\/casa-acogedora-ceibos-norte-download\/"]}]},{"@type":"BreadcrumbList","@id":"https:\/\/amobiliar.com\/en\/casa-acogedora-ceibos-norte-download\/#breadcrumb","itemListElement":[{"@type":"ListItem","position":1,"name":"Portada","item":"https:\/\/amobiliar.com\/"},{"@type":"ListItem","position":2,"name":"casa acogedora ceibos norte download"}]},{"@type":"WebSite","@id":"https:\/\/amobiliar.com\/#website","url":"https:\/\/amobiliar.com\/","name":"Amobiliar","description":"Bienes y Ra\u00edces","publisher":{"@id":"https:\/\/amobiliar.com\/#organization"},"potentialAction":[{"@type":"SearchAction","target":{"@type":"EntryPoint","urlTemplate":"https:\/\/amobiliar.com\/?s={search_term_string}"},"query-input":{"@type":"PropertyValueSpecification","valueRequired":true,"valueName":"search_term_string"}}],"inLanguage":"en-GB"},{"@type":"Organization","@id":"https:\/\/amobiliar.com\/#organization","name":"Amobiliar","url":"https:\/\/amobiliar.com\/","logo":{"@type":"ImageObject","inLanguage":"en-GB","@id":"https:\/\/amobiliar.com\/#\/schema\/logo\/image\/","url":"https:\/\/amobiliar.com\/wp-content\/uploads\/2022\/11\/cropped-LOGO-AMOBILIAR-2-Horizontal-blanco.png","contentUrl":"https:\/\/amobiliar.com\/wp-content\/uploads\/2022\/11\/cropped-LOGO-AMOBILIAR-2-Horizontal-blanco.png","width":1636,"height":545,"caption":"Amobiliar"},"image":{"@id":"https:\/\/amobiliar.com\/#\/schema\/logo\/image\/"}}]}},"_links":{"self":[{"href":"https:\/\/amobiliar.com\/en\/wp-json\/wp\/v2\/pages\/1582","targetHints":{"allow":["GET"]}}],"collection":[{"href":"https:\/\/amobiliar.com\/en\/wp-json\/wp\/v2\/pages"}],"about":[{"href":"https:\/\/amobiliar.com\/en\/wp-json\/wp\/v2\/types\/page"}],"author":[{"embeddable":true,"href":"https:\/\/amobiliar.com\/en\/wp-json\/wp\/v2\/users\/1"}],"replies":[{"embeddable":true,"href":"https:\/\/amobiliar.com\/en\/wp-json\/wp\/v2\/comments?post=1582"}],"version-history":[{"count":4,"href":"https:\/\/amobiliar.com\/en\/wp-json\/wp\/v2\/pages\/1582\/revisions"}],"predecessor-version":[{"id":1587,"href":"https:\/\/amobiliar.com\/en\/wp-json\/wp\/v2\/pages\/1582\/revisions\/1587"}],"wp:attachment":[{"href":"https:\/\/amobiliar.com\/en\/wp-json\/wp\/v2\/media?parent=1582"}],"curies":[{"name":"wp","href":"https:\/\/api.w.org\/{rel}","templated":true}]}}